{"id":7632,"date":"2021-09-01T13:09:50","date_gmt":"2021-09-01T16:09:50","guid":{"rendered":"https:\/\/nanovec.com.br\/?page_id=7632"},"modified":"2021-09-14T22:22:53","modified_gmt":"2021-09-15T01:22:53","slug":"sitio-2","status":"publish","type":"page","link":"https:\/\/nanovec.com.br\/?lang=es","title":{"rendered":"Home-esp"},"content":{"rendered":"\t\t<div data-elementor-type=\"wp-page\" data-elementor-id=\"7632\" class=\"elementor elementor-7632\" data-elementor-settings=\"[]\">\n\t\t\t\t\t\t\t<div class=\"elementor-section-wrap\">\n\t\t\t\t\t\t\t<section class=\"elementor-section elementor-top-section elementor-element elementor-element-6891142 elementor-section-stretched elementor-section-height-min-height elementor-section-full_width elementor-section-height-default elementor-section-items-middle\" data-id=\"6891142\" data-element_type=\"section\" data-settings=\"{&quot;stretch_section&quot;:&quot;section-stretched&quot;,&quot;background_background&quot;:&quot;classic&quot;}\">\n\t\t\t\t\t\t<div class=\"elementor-container elementor-column-gap-default\">\n\t\t\t\t\t<div class=\"elementor-column elementor-col-100 elementor-top-column elementor-element elementor-element-9d56172\" data-id=\"9d56172\" data-element_type=\"column\">\n\t\t\t<div class=\"elementor-widget-wrap elementor-element-populated\">\n\t\t\t\t\t\t\t\t<div class=\"elementor-element elementor-element-f0d8720 elementor-invisible elementor-widget elementor-widget-heading\" data-id=\"f0d8720\" data-element_type=\"widget\" data-settings=\"{&quot;_animation&quot;:&quot;fadeInDown&quot;,&quot;_animation_mobile&quot;:&quot;fadeInDown&quot;}\" data-widget_type=\"heading.default\">\n\t\t\t\t<div class=\"elementor-widget-container\">\n\t\t\t<h2 class=\"elementor-heading-title elementor-size-default\">LA CIENCIA FARMAC\u00c9UTICA<\/h2>\t\t<\/div>\n\t\t\t\t<\/div>\n\t\t\t\t<div class=\"elementor-element elementor-element-8d358fd elementor-invisible elementor-widget elementor-widget-heading\" data-id=\"8d358fd\" data-element_type=\"widget\" data-settings=\"{&quot;_animation&quot;:&quot;fadeInUp&quot;,&quot;_animation_mobile&quot;:&quot;fadeInUp&quot;}\" data-widget_type=\"heading.default\">\n\t\t\t\t<div class=\"elementor-widget-container\">\n\t\t\t<h2 class=\"elementor-heading-title elementor-size-default\">QUE LLEGA AL CAMPO<\/h2>\t\t<\/div>\n\t\t\t\t<\/div>\n\t\t\t\t\t<\/div>\n\t\t<\/div>\n\t\t\t\t\t\t\t<\/div>\n\t\t<\/section>\n\t\t\t\t<section class=\"elementor-section elementor-top-section elementor-element elementor-element-00bfdc7 elementor-section-boxed elementor-section-height-default elementor-section-height-default\" data-id=\"00bfdc7\" data-element_type=\"section\">\n\t\t\t\t\t\t<div class=\"elementor-container elementor-column-gap-default\">\n\t\t\t\t\t<div class=\"elementor-column elementor-col-100 elementor-top-column elementor-element elementor-element-7d27d0e\" data-id=\"7d27d0e\" data-element_type=\"column\">\n\t\t\t<div class=\"elementor-widget-wrap elementor-element-populated\">\n\t\t\t\t\t\t\t\t<div class=\"elementor-element elementor-element-3e01909 elementor-widget elementor-widget-heading\" data-id=\"3e01909\" data-element_type=\"widget\" data-widget_type=\"heading.default\">\n\t\t\t\t<div class=\"elementor-widget-container\">\n\t\t\t<h2 class=\"elementor-heading-title elementor-size-default\">Nutrientes Absorbidos por Contacto<\/h2>\t\t<\/div>\n\t\t\t\t<\/div>\n\t\t\t\t\t<\/div>\n\t\t<\/div>\n\t\t\t\t\t\t\t<\/div>\n\t\t<\/section>\n\t\t\t\t<section class=\"elementor-section elementor-top-section elementor-element elementor-element-1635b59 elementor-section-boxed elementor-section-height-default elementor-section-height-default\" data-id=\"1635b59\" data-element_type=\"section\" data-settings=\"{&quot;background_background&quot;:&quot;classic&quot;}\">\n\t\t\t\t\t\t<div class=\"elementor-container elementor-column-gap-default\">\n\t\t\t\t\t<div class=\"elementor-column elementor-col-20 elementor-top-column elementor-element elementor-element-210cb68\" data-id=\"210cb68\" data-element_type=\"column\">\n\t\t\t<div class=\"elementor-widget-wrap elementor-element-populated\">\n\t\t\t\t\t\t\t\t<section class=\"elementor-section elementor-inner-section elementor-element elementor-element-425fa8b elementor-section-boxed elementor-section-height-default elementor-section-height-default\" data-id=\"425fa8b\" data-element_type=\"section\">\n\t\t\t\t\t\t<div class=\"elementor-container elementor-column-gap-default\">\n\t\t\t\t\t<div class=\"elementor-column elementor-col-100 elementor-inner-column elementor-element elementor-element-61db962\" data-id=\"61db962\" data-element_type=\"column\">\n\t\t\t<div class=\"elementor-widget-wrap elementor-element-populated\">\n\t\t\t\t\t\t\t\t<div class=\"elementor-element elementor-element-0512435 elementor-widget elementor-widget-image\" data-id=\"0512435\" data-element_type=\"widget\" data-widget_type=\"image.default\">\n\t\t\t\t<div class=\"elementor-widget-container\">\n\t\t\t\t\t\t\t\t\t\t\t\t\t\t\t<img loading=\"lazy\" decoding=\"async\" width=\"84\" height=\"84\" src=\"https:\/\/nanovec.com.br\/wp-content\/uploads\/2021\/07\/Ativo-60.png\" class=\"elementor-animation-float attachment-large size-large\" alt=\"\" srcset=\"https:\/\/nanovec.com.br\/wp-content\/uploads\/2021\/07\/Ativo-60.png 84w, https:\/\/nanovec.com.br\/wp-content\/uploads\/2021\/07\/Ativo-60-60x60.png 60w\" sizes=\"(max-width: 84px) 100vw, 84px\" \/>\t\t\t\t\t\t\t\t\t\t\t\t\t\t\t<\/div>\n\t\t\t\t<\/div>\n\t\t\t\t\t<\/div>\n\t\t<\/div>\n\t\t\t\t\t\t\t<\/div>\n\t\t<\/section>\n\t\t\t\t<section class=\"elementor-section elementor-inner-section elementor-element elementor-element-7cdbb30 elementor-section-boxed elementor-section-height-default elementor-section-height-default\" data-id=\"7cdbb30\" data-element_type=\"section\">\n\t\t\t\t\t\t<div class=\"elementor-container elementor-column-gap-default\">\n\t\t\t\t\t<div class=\"elementor-column elementor-col-100 elementor-inner-column elementor-element elementor-element-ca31f0e\" data-id=\"ca31f0e\" data-element_type=\"column\">\n\t\t\t<div class=\"elementor-widget-wrap elementor-element-populated\">\n\t\t\t\t\t\t\t\t<div class=\"elementor-element elementor-element-30697cd elementor-widget elementor-widget-text-editor\" data-id=\"30697cd\" data-element_type=\"widget\" data-widget_type=\"text-editor.default\">\n\t\t\t\t<div class=\"elementor-widget-container\">\n\t\t\t\t\t\t\t<p><span style=\"font-weight: 400;\">M\u00e1s de 20 a\u00f1os producimos nuestra propia Nanobiotecnolog\u00eda de r\u00e1pida absorci\u00f3n.<\/span><\/p>\t\t\t\t\t\t<\/div>\n\t\t\t\t<\/div>\n\t\t\t\t\t<\/div>\n\t\t<\/div>\n\t\t\t\t\t\t\t<\/div>\n\t\t<\/section>\n\t\t\t\t\t<\/div>\n\t\t<\/div>\n\t\t\t\t<div class=\"elementor-column elementor-col-20 elementor-top-column elementor-element elementor-element-0f94819\" data-id=\"0f94819\" data-element_type=\"column\">\n\t\t\t<div class=\"elementor-widget-wrap\">\n\t\t\t\t\t\t\t\t\t<\/div>\n\t\t<\/div>\n\t\t\t\t<div class=\"elementor-column elementor-col-20 elementor-top-column elementor-element elementor-element-7a1317d\" data-id=\"7a1317d\" data-element_type=\"column\">\n\t\t\t<div class=\"elementor-widget-wrap elementor-element-populated\">\n\t\t\t\t\t\t\t\t<section class=\"elementor-section elementor-inner-section elementor-element elementor-element-86ad4dc elementor-section-boxed elementor-section-height-default elementor-section-height-default\" data-id=\"86ad4dc\" data-element_type=\"section\">\n\t\t\t\t\t\t<div class=\"elementor-container elementor-column-gap-default\">\n\t\t\t\t\t<div class=\"elementor-column elementor-col-100 elementor-inner-column elementor-element elementor-element-ff4eb35\" data-id=\"ff4eb35\" data-element_type=\"column\">\n\t\t\t<div class=\"elementor-widget-wrap elementor-element-populated\">\n\t\t\t\t\t\t\t\t<div class=\"elementor-element elementor-element-8e1e017 elementor-widget elementor-widget-image\" data-id=\"8e1e017\" data-element_type=\"widget\" data-widget_type=\"image.default\">\n\t\t\t\t<div class=\"elementor-widget-container\">\n\t\t\t\t\t\t\t\t\t\t\t\t\t\t\t<img loading=\"lazy\" decoding=\"async\" width=\"84\" height=\"84\" src=\"https:\/\/nanovec.com.br\/wp-content\/uploads\/2021\/07\/Ativo-59.png\" class=\"elementor-animation-float attachment-large size-large\" alt=\"\" srcset=\"https:\/\/nanovec.com.br\/wp-content\/uploads\/2021\/07\/Ativo-59.png 84w, https:\/\/nanovec.com.br\/wp-content\/uploads\/2021\/07\/Ativo-59-60x60.png 60w\" sizes=\"(max-width: 84px) 100vw, 84px\" \/>\t\t\t\t\t\t\t\t\t\t\t\t\t\t\t<\/div>\n\t\t\t\t<\/div>\n\t\t\t\t\t<\/div>\n\t\t<\/div>\n\t\t\t\t\t\t\t<\/div>\n\t\t<\/section>\n\t\t\t\t<section class=\"elementor-section elementor-inner-section elementor-element elementor-element-bf009b8 elementor-section-boxed elementor-section-height-default elementor-section-height-default\" data-id=\"bf009b8\" data-element_type=\"section\">\n\t\t\t\t\t\t<div class=\"elementor-container elementor-column-gap-default\">\n\t\t\t\t\t<div class=\"elementor-column elementor-col-100 elementor-inner-column elementor-element elementor-element-f608914\" data-id=\"f608914\" data-element_type=\"column\">\n\t\t\t<div class=\"elementor-widget-wrap elementor-element-populated\">\n\t\t\t\t\t\t\t\t<div class=\"elementor-element elementor-element-6f018de elementor-widget elementor-widget-text-editor\" data-id=\"6f018de\" data-element_type=\"widget\" data-widget_type=\"text-editor.default\">\n\t\t\t\t<div class=\"elementor-widget-container\">\n\t\t\t\t\t\t\t<p><span style=\"font-weight: 400;\">Nanovectores biocompatibles que aumentan la absorci\u00f3n de nutrientes por parte de hojas y semillas, sin p\u00e9rdidas.<\/span><\/p>\t\t\t\t\t\t<\/div>\n\t\t\t\t<\/div>\n\t\t\t\t\t<\/div>\n\t\t<\/div>\n\t\t\t\t\t\t\t<\/div>\n\t\t<\/section>\n\t\t\t\t\t<\/div>\n\t\t<\/div>\n\t\t\t\t<div class=\"elementor-column elementor-col-20 elementor-top-column elementor-element elementor-element-b8e6c75\" data-id=\"b8e6c75\" data-element_type=\"column\">\n\t\t\t<div class=\"elementor-widget-wrap\">\n\t\t\t\t\t\t\t\t\t<\/div>\n\t\t<\/div>\n\t\t\t\t<div class=\"elementor-column elementor-col-20 elementor-top-column elementor-element elementor-element-e493bca\" data-id=\"e493bca\" data-element_type=\"column\">\n\t\t\t<div class=\"elementor-widget-wrap elementor-element-populated\">\n\t\t\t\t\t\t\t\t<section class=\"elementor-section elementor-inner-section elementor-element elementor-element-b9e7768 elementor-section-boxed elementor-section-height-default elementor-section-height-default\" data-id=\"b9e7768\" data-element_type=\"section\">\n\t\t\t\t\t\t<div class=\"elementor-container elementor-column-gap-default\">\n\t\t\t\t\t<div class=\"elementor-column elementor-col-100 elementor-inner-column elementor-element elementor-element-250293d\" data-id=\"250293d\" data-element_type=\"column\">\n\t\t\t<div class=\"elementor-widget-wrap elementor-element-populated\">\n\t\t\t\t\t\t\t\t<div class=\"elementor-element elementor-element-32d8df2 elementor-widget elementor-widget-image\" data-id=\"32d8df2\" data-element_type=\"widget\" data-widget_type=\"image.default\">\n\t\t\t\t<div class=\"elementor-widget-container\">\n\t\t\t\t\t\t\t\t\t\t\t\t\t\t\t<img loading=\"lazy\" decoding=\"async\" width=\"85\" height=\"84\" src=\"https:\/\/nanovec.com.br\/wp-content\/uploads\/2021\/07\/Ativo-61.png\" class=\"elementor-animation-float attachment-large size-large\" alt=\"\" srcset=\"https:\/\/nanovec.com.br\/wp-content\/uploads\/2021\/07\/Ativo-61.png 85w, https:\/\/nanovec.com.br\/wp-content\/uploads\/2021\/07\/Ativo-61-60x60.png 60w\" sizes=\"(max-width: 85px) 100vw, 85px\" \/>\t\t\t\t\t\t\t\t\t\t\t\t\t\t\t<\/div>\n\t\t\t\t<\/div>\n\t\t\t\t\t<\/div>\n\t\t<\/div>\n\t\t\t\t\t\t\t<\/div>\n\t\t<\/section>\n\t\t\t\t<section class=\"elementor-section elementor-inner-section elementor-element elementor-element-fa80b34 elementor-section-boxed elementor-section-height-default elementor-section-height-default\" data-id=\"fa80b34\" data-element_type=\"section\">\n\t\t\t\t\t\t<div class=\"elementor-container elementor-column-gap-default\">\n\t\t\t\t\t<div class=\"elementor-column elementor-col-100 elementor-inner-column elementor-element elementor-element-34d30d2\" data-id=\"34d30d2\" data-element_type=\"column\">\n\t\t\t<div class=\"elementor-widget-wrap elementor-element-populated\">\n\t\t\t\t\t\t\t\t<div class=\"elementor-element elementor-element-836c285 elementor-widget elementor-widget-text-editor\" data-id=\"836c285\" data-element_type=\"widget\" data-widget_type=\"text-editor.default\">\n\t\t\t\t<div class=\"elementor-widget-container\">\n\t\t\t\t\t\t\t<p>Baja salinidad, pH neutro, baja dosificaci\u00f3n y alta compatibilidad con los caldos y biol\u00f3gicos.<\/p><p>\u00a0<\/p><p><span style=\"font-weight: 400;\">\u00a0<\/span><\/p>\t\t\t\t\t\t<\/div>\n\t\t\t\t<\/div>\n\t\t\t\t\t<\/div>\n\t\t<\/div>\n\t\t\t\t\t\t\t<\/div>\n\t\t<\/section>\n\t\t\t\t\t<\/div>\n\t\t<\/div>\n\t\t\t\t\t\t\t<\/div>\n\t\t<\/section>\n\t\t\t\t<section class=\"elementor-section elementor-top-section elementor-element elementor-element-ffaeb2d elementor-section-stretched elementor-section-height-min-height elementor-section-boxed elementor-section-height-default elementor-section-items-middle\" data-id=\"ffaeb2d\" data-element_type=\"section\" data-settings=\"{&quot;stretch_section&quot;:&quot;section-stretched&quot;,&quot;background_background&quot;:&quot;video&quot;,&quot;background_video_link&quot;:&quot;https:\\\/\\\/nanovec.com.br\\\/wp-content\\\/uploads\\\/2021\\\/08\\\/Particles-57964.mp4&quot;,&quot;background_video_start&quot;:0}\">\n\t\t\t\t\t\t\t\t<div class=\"elementor-background-video-container elementor-hidden-phone\">\n\t\t\t\t\t\t\t\t\t\t\t\t\t<video class=\"elementor-background-video-hosted elementor-html5-video\" autoplay muted playsinline loop><\/video>\n\t\t\t\t\t\t\t\t\t\t\t<\/div>\n\t\t\t\t\t\t\t\t\t<div class=\"elementor-background-overlay\"><\/div>\n\t\t\t\t\t\t\t<div class=\"elementor-container elementor-column-gap-default\">\n\t\t\t\t\t<div class=\"elementor-column elementor-col-100 elementor-top-column elementor-element elementor-element-7618b44\" data-id=\"7618b44\" data-element_type=\"column\" data-settings=\"{&quot;background_background&quot;:&quot;classic&quot;}\">\n\t\t\t<div class=\"elementor-widget-wrap elementor-element-populated\">\n\t\t\t\t\t\t\t\t<div class=\"elementor-element elementor-element-4393f79 elementor-widget elementor-widget-heading\" data-id=\"4393f79\" data-element_type=\"widget\" data-widget_type=\"heading.default\">\n\t\t\t\t<div class=\"elementor-widget-container\">\n\t\t\t<h1 class=\"elementor-heading-title elementor-size-default\">Un nuevo concepto de nutrici\u00f3n vegetal<\/h1>\t\t<\/div>\n\t\t\t\t<\/div>\n\t\t\t\t<div class=\"elementor-element elementor-element-c924d6d elementor-mobile-align-center elementor-align-center elementor-widget elementor-widget-button\" data-id=\"c924d6d\" data-element_type=\"widget\" data-widget_type=\"button.default\">\n\t\t\t\t<div class=\"elementor-widget-container\">\n\t\t\t\t\t<div class=\"elementor-button-wrapper\">\n\t\t\t<a href=\"https:\/\/nanovec.com.br\/?page_id=7314&#038;lang=es\" class=\"elementor-button-link elementor-button elementor-size-sm elementor-animation-float\" role=\"button\">\n\t\t\t\t\t\t<span class=\"elementor-button-content-wrapper\">\n\t\t\t\t\t\t<span class=\"elementor-button-text\">M\u00e1s<\/span>\n\t\t<\/span>\n\t\t\t\t\t<\/a>\n\t\t<\/div>\n\t\t\t\t<\/div>\n\t\t\t\t<\/div>\n\t\t\t\t\t<\/div>\n\t\t<\/div>\n\t\t\t\t\t\t\t<\/div>\n\t\t<\/section>\n\t\t\t\t<section class=\"elementor-section elementor-top-section elementor-element elementor-element-72a968a elementor-section-stretched elementor-section-boxed elementor-section-height-default elementor-section-height-default\" data-id=\"72a968a\" data-element_type=\"section\" data-settings=\"{&quot;stretch_section&quot;:&quot;section-stretched&quot;,&quot;background_background&quot;:&quot;classic&quot;}\">\n\t\t\t\t\t\t<div class=\"elementor-container elementor-column-gap-default\">\n\t\t\t\t\t<div class=\"elementor-column elementor-col-100 elementor-top-column elementor-element elementor-element-82332f0\" data-id=\"82332f0\" data-element_type=\"column\">\n\t\t\t<div class=\"elementor-widget-wrap elementor-element-populated\">\n\t\t\t\t\t\t\t\t<div class=\"elementor-element elementor-element-d575304 elementor-widget elementor-widget-spacer\" data-id=\"d575304\" data-element_type=\"widget\" data-widget_type=\"spacer.default\">\n\t\t\t\t<div class=\"elementor-widget-container\">\n\t\t\t\t\t<div class=\"elementor-spacer\">\n\t\t\t<div class=\"elementor-spacer-inner\"><\/div>\n\t\t<\/div>\n\t\t\t\t<\/div>\n\t\t\t\t<\/div>\n\t\t\t\t<div class=\"elementor-element elementor-element-fc485e1 elementor-widget elementor-widget-heading\" data-id=\"fc485e1\" data-element_type=\"widget\" data-widget_type=\"heading.default\">\n\t\t\t\t<div class=\"elementor-widget-container\">\n\t\t\t<h1 class=\"elementor-heading-title elementor-size-default\">Nuestras Especialidades\u200b<\/h1>\t\t<\/div>\n\t\t\t\t<\/div>\n\t\t\t\t<section class=\"elementor-section elementor-inner-section elementor-element elementor-element-5a95108 elementor-section-full_width elementor-section-height-default elementor-section-height-default\" data-id=\"5a95108\" data-element_type=\"section\">\n\t\t\t\t\t\t<div class=\"elementor-container elementor-column-gap-wide\">\n\t\t\t\t\t<div class=\"elementor-column elementor-col-25 elementor-inner-column elementor-element elementor-element-3d99495\" data-id=\"3d99495\" data-element_type=\"column\">\n\t\t\t<div class=\"elementor-widget-wrap elementor-element-populated\">\n\t\t\t\t\t\t\t\t<div class=\"elementor-element elementor-element-a9632b9 elementor-widget elementor-widget-image\" data-id=\"a9632b9\" data-element_type=\"widget\" data-widget_type=\"image.default\">\n\t\t\t\t<div class=\"elementor-widget-container\">\n\t\t\t\t\t\t\t\t\t\t\t\t\t\t\t\t<a href=\"https:\/\/nanovec.com.br\/?page_id=2406&#038;lang=es\">\n\t\t\t\t\t\t\t<img decoding=\"async\" src=\"https:\/\/nanovec.com.br\/wp-content\/uploads\/2021\/08\/sementes.jpg\" title=\"sementes\" alt=\"sementes\" class=\"elementor-animation-bob\" \/>\t\t\t\t\t\t\t\t<\/a>\n\t\t\t\t\t\t\t\t\t\t\t\t\t\t\t<\/div>\n\t\t\t\t<\/div>\n\t\t\t\t<div class=\"elementor-element elementor-element-87c0f50 elementor-widget elementor-widget-heading\" data-id=\"87c0f50\" data-element_type=\"widget\" data-widget_type=\"heading.default\">\n\t\t\t\t<div class=\"elementor-widget-container\">\n\t\t\t<h2 class=\"elementor-heading-title elementor-size-default\">Nutrici\u00f3n de Semillas<\/h2>\t\t<\/div>\n\t\t\t\t<\/div>\n\t\t\t\t<div class=\"elementor-element elementor-element-4376f46 elementor-widget elementor-widget-text-editor\" data-id=\"4376f46\" data-element_type=\"widget\" data-widget_type=\"text-editor.default\">\n\t\t\t\t<div class=\"elementor-widget-container\">\n\t\t\t\t\t\t\t<p><span style=\"font-weight: 400;\">Bioestimulantes desarrollados para tratamientos industriales o &#8220;on pharm&#8221;, compatibles con los principales sistemas de protecci\u00f3n y inoculaci\u00f3n.<\/span><\/p>\t\t\t\t\t\t<\/div>\n\t\t\t\t<\/div>\n\t\t\t\t\t<\/div>\n\t\t<\/div>\n\t\t\t\t<div class=\"elementor-column elementor-col-25 elementor-inner-column elementor-element elementor-element-9c5fa4c\" data-id=\"9c5fa4c\" data-element_type=\"column\">\n\t\t\t<div class=\"elementor-widget-wrap elementor-element-populated\">\n\t\t\t\t\t\t\t\t<div class=\"elementor-element elementor-element-5da861a elementor-widget elementor-widget-image\" data-id=\"5da861a\" data-element_type=\"widget\" data-widget_type=\"image.default\">\n\t\t\t\t<div class=\"elementor-widget-container\">\n\t\t\t\t\t\t\t\t\t\t\t\t\t\t\t\t<a href=\"https:\/\/nanovec.com.br\/?page_id=2406&#038;lang=es\">\n\t\t\t\t\t\t\t<img loading=\"lazy\" decoding=\"async\" width=\"330\" height=\"172\" src=\"https:\/\/nanovec.com.br\/wp-content\/uploads\/2021\/08\/site_foliar.jpg\" class=\"elementor-animation-bob attachment-large size-large\" alt=\"\" srcset=\"https:\/\/nanovec.com.br\/wp-content\/uploads\/2021\/08\/site_foliar.jpg 330w, https:\/\/nanovec.com.br\/wp-content\/uploads\/2021\/08\/site_foliar-300x156.jpg 300w\" sizes=\"(max-width: 330px) 100vw, 330px\" \/>\t\t\t\t\t\t\t\t<\/a>\n\t\t\t\t\t\t\t\t\t\t\t\t\t\t\t<\/div>\n\t\t\t\t<\/div>\n\t\t\t\t<div class=\"elementor-element elementor-element-4a20f91 elementor-widget elementor-widget-heading\" data-id=\"4a20f91\" data-element_type=\"widget\" data-widget_type=\"heading.default\">\n\t\t\t\t<div class=\"elementor-widget-container\">\n\t\t\t<h2 class=\"elementor-heading-title elementor-size-default\"> Fertilizaci\u00f3n Foliar<\/h2>\t\t<\/div>\n\t\t\t\t<\/div>\n\t\t\t\t<div class=\"elementor-element elementor-element-ca1df9b elementor-widget elementor-widget-text-editor\" data-id=\"ca1df9b\" data-element_type=\"widget\" data-widget_type=\"text-editor.default\">\n\t\t\t\t<div class=\"elementor-widget-container\">\n\t\t\t\t\t\t\t<p><span style=\"font-weight: 400;\">Formulaciones especiales para una r\u00e1pida absorci\u00f3n, totalmente compatibles con los caldos.<\/span><\/p>\t\t\t\t\t\t<\/div>\n\t\t\t\t<\/div>\n\t\t\t\t\t<\/div>\n\t\t<\/div>\n\t\t\t\t<div class=\"elementor-column elementor-col-25 elementor-inner-column elementor-element elementor-element-d139e47\" data-id=\"d139e47\" data-element_type=\"column\">\n\t\t\t<div class=\"elementor-widget-wrap elementor-element-populated\">\n\t\t\t\t\t\t\t\t<div class=\"elementor-element elementor-element-d962a60 elementor-widget elementor-widget-image\" data-id=\"d962a60\" data-element_type=\"widget\" data-widget_type=\"image.default\">\n\t\t\t\t<div class=\"elementor-widget-container\">\n\t\t\t\t\t\t\t\t\t\t\t\t\t\t\t\t<a href=\"https:\/\/nanovec.com.br\/?page_id=2406&#038;lang=es\">\n\t\t\t\t\t\t\t<img loading=\"lazy\" decoding=\"async\" width=\"330\" height=\"172\" src=\"https:\/\/nanovec.com.br\/wp-content\/uploads\/2021\/08\/reflorestamento-e1629140342625.jpg\" class=\"elementor-animation-bob attachment-large size-large\" alt=\"\" srcset=\"https:\/\/nanovec.com.br\/wp-content\/uploads\/2021\/08\/reflorestamento-e1629140342625.jpg 330w, https:\/\/nanovec.com.br\/wp-content\/uploads\/2021\/08\/reflorestamento-e1629140342625-300x156.jpg 300w\" sizes=\"(max-width: 330px) 100vw, 330px\" \/>\t\t\t\t\t\t\t\t<\/a>\n\t\t\t\t\t\t\t\t\t\t\t\t\t\t\t<\/div>\n\t\t\t\t<\/div>\n\t\t\t\t<div class=\"elementor-element elementor-element-cd8e07d elementor-widget elementor-widget-heading\" data-id=\"cd8e07d\" data-element_type=\"widget\" data-widget_type=\"heading.default\">\n\t\t\t\t<div class=\"elementor-widget-container\">\n\t\t\t<h2 class=\"elementor-heading-title elementor-size-default\">Reforestaci\u00f3n<\/h2>\t\t<\/div>\n\t\t\t\t<\/div>\n\t\t\t\t<div class=\"elementor-element elementor-element-bf8ecd7 elementor-widget elementor-widget-text-editor\" data-id=\"bf8ecd7\" data-element_type=\"widget\" data-widget_type=\"text-editor.default\">\n\t\t\t\t<div class=\"elementor-widget-container\">\n\t\t\t\t\t\t\t<p><span style=\"font-weight: 400;\">Soluciones de enraizamiento, antiestr\u00e9s y aceleradores de crecimiento para pl\u00e1ntulas reci\u00e9n plantadas.<\/span><\/p>\t\t\t\t\t\t<\/div>\n\t\t\t\t<\/div>\n\t\t\t\t\t<\/div>\n\t\t<\/div>\n\t\t\t\t<div class=\"elementor-column elementor-col-25 elementor-inner-column elementor-element elementor-element-6a0129d\" data-id=\"6a0129d\" data-element_type=\"column\" data-settings=\"{&quot;background_background&quot;:&quot;classic&quot;}\">\n\t\t\t<div class=\"elementor-widget-wrap elementor-element-populated\">\n\t\t\t\t\t\t\t\t<div class=\"elementor-element elementor-element-b015f82 elementor-widget elementor-widget-image\" data-id=\"b015f82\" data-element_type=\"widget\" data-widget_type=\"image.default\">\n\t\t\t\t<div class=\"elementor-widget-container\">\n\t\t\t\t\t\t\t\t\t\t\t\t\t\t\t\t<a href=\"https:\/\/nanovec.com.br\/?page_id=2406&#038;lang=es\">\n\t\t\t\t\t\t\t<img loading=\"lazy\" decoding=\"async\" width=\"330\" height=\"172\" src=\"https:\/\/nanovec.com.br\/wp-content\/uploads\/2021\/07\/Especialidades-Industria-1-1.png\" class=\"elementor-animation-bob attachment-large size-large\" alt=\"\" srcset=\"https:\/\/nanovec.com.br\/wp-content\/uploads\/2021\/07\/Especialidades-Industria-1-1.png 330w, https:\/\/nanovec.com.br\/wp-content\/uploads\/2021\/07\/Especialidades-Industria-1-1-300x156.png 300w\" sizes=\"(max-width: 330px) 100vw, 330px\" \/>\t\t\t\t\t\t\t\t<\/a>\n\t\t\t\t\t\t\t\t\t\t\t\t\t\t\t<\/div>\n\t\t\t\t<\/div>\n\t\t\t\t<div class=\"elementor-element elementor-element-a87261d elementor-widget elementor-widget-heading\" data-id=\"a87261d\" data-element_type=\"widget\" data-widget_type=\"heading.default\">\n\t\t\t\t<div class=\"elementor-widget-container\">\n\t\t\t<h2 class=\"elementor-heading-title elementor-size-default\">Para la Industria<\/h2>\t\t<\/div>\n\t\t\t\t<\/div>\n\t\t\t\t<div class=\"elementor-element elementor-element-2344518 elementor-widget elementor-widget-text-editor\" data-id=\"2344518\" data-element_type=\"widget\" data-widget_type=\"text-editor.default\">\n\t\t\t\t<div class=\"elementor-widget-container\">\n\t\t\t\t\t\t\t<p><span style=\"font-weight: 400;\">Nanotecnolog\u00eda customizada para las industrias de bioestimulantes y fertilizantes l\u00edquidos de alta performance.<\/span><\/p>\t\t\t\t\t\t<\/div>\n\t\t\t\t<\/div>\n\t\t\t\t\t<\/div>\n\t\t<\/div>\n\t\t\t\t\t\t\t<\/div>\n\t\t<\/section>\n\t\t\t\t\t<\/div>\n\t\t<\/div>\n\t\t\t\t\t\t\t<\/div>\n\t\t<\/section>\n\t\t\t\t\t\t<\/div>\n\t\t\t\t\t<\/div>\n\t\t","protected":false},"excerpt":{"rendered":"<p>LA CIENCIA FARMAC\u00c9UTICA QUE LLEGA AL CAMPO Nutrientes Absorbidos por Contacto M\u00e1s de 20 a\u00f1os producimos nuestra propia Nanobiotecnolog\u00eda de r\u00e1pida absorci\u00f3n. Nanovectores biocompatibles que aumentan la absorci\u00f3n de nutrientes por parte de hojas y semillas, sin p\u00e9rdidas. Baja salinidad, pH neutro, baja dosificaci\u00f3n y alta compatibilidad con los caldos y biol\u00f3gicos. \u00a0 \u00a0 Un [&hellip;]<\/p>\n","protected":false},"author":1,"featured_media":0,"parent":0,"menu_order":0,"comment_status":"closed","ping_status":"closed","template":"elementor_header_footer","meta":{"footnotes":""},"_links":{"self":[{"href":"https:\/\/nanovec.com.br\/index.php?rest_route=\/wp\/v2\/pages\/7632"}],"collection":[{"href":"https:\/\/nanovec.com.br\/index.php?rest_route=\/wp\/v2\/pages"}],"about":[{"href":"https:\/\/nanovec.com.br\/index.php?rest_route=\/wp\/v2\/types\/page"}],"author":[{"embeddable":true,"href":"https:\/\/nanovec.com.br\/index.php?rest_route=\/wp\/v2\/users\/1"}],"replies":[{"embeddable":true,"href":"https:\/\/nanovec.com.br\/index.php?rest_route=%2Fwp%2Fv2%2Fcomments&post=7632"}],"version-history":[{"count":31,"href":"https:\/\/nanovec.com.br\/index.php?rest_route=\/wp\/v2\/pages\/7632\/revisions"}],"predecessor-version":[{"id":8067,"href":"https:\/\/nanovec.com.br\/index.php?rest_route=\/wp\/v2\/pages\/7632\/revisions\/8067"}],"wp:attachment":[{"href":"https:\/\/nanovec.com.br\/index.php?rest_route=%2Fwp%2Fv2%2Fmedia&parent=7632"}],"curies":[{"name":"wp","href":"https:\/\/api.w.org\/{rel}","templated":true}]}}